{"id":593,"date":"2020-08-09T22:03:55","date_gmt":"2020-08-09T20:03:55","guid":{"rendered":"https:\/\/cvio-demo.bslthemes.com\/ve1\/?page_id=593"},"modified":"2022-05-17T11:18:06","modified_gmt":"2022-05-17T09:18:06","slug":"a-propos","status":"publish","type":"page","link":"http:\/\/mavic-gta.com\/index.php\/a-propos\/","title":{"rendered":"A propos"},"content":{"rendered":"\t\t<div data-elementor-type=\"wp-page\" data-elementor-id=\"593\" class=\"elementor elementor-593\">\n\t\t\t\t\t\t\t\t\t<section class=\"elementor-section elementor-top-section elementor-element elementor-element-4f365f3 elementor-section-full_width elementor-section-height-default elementor-section-height-default\" data-id=\"4f365f3\" data-element_type=\"section\">\n\t\t\t\t\t\t<div class=\"elementor-container elementor-column-gap-no\">\n\t\t\t\t\t<div class=\"elementor-column elementor-col-100 elementor-top-column elementor-element elementor-element-cd43c37\" data-id=\"cd43c37\" data-element_type=\"column\">\n\t\t\t<div class=\"elementor-widget-wrap elementor-element-populated\">\n\t\t\t\t\t\t\t\t<div class=\"elementor-element elementor-element-e431f2c elementor-widget elementor-widget-cvio-started-section\" data-id=\"e431f2c\" data-element_type=\"widget\" data-widget_type=\"cvio-started-section.default\">\n\t\t\t\t<div class=\"elementor-widget-container\">\n\t\t\t\n\t\t<!-- Section Started -->\n\t\t<div class=\"section started layout-creative\">\n\n\t\t\t\t\t\t<div class=\"video-bg\">\n\t\t\t\t<div class=\"video-bg-mask\"><\/div>\n\t\t\t\t<div class=\"video-bg-texture\" id=\"grained_container\"><\/div>\t\t\t<\/div>\n\t\t\t\n\t\t\t\n\t\t\t\n\t\t\t\n\t\t\t\n\t\t\t<div class=\"centrize full-width\">\n\t\t\t\t<div class=\"vertical-center\">\n\t\t\t\t\t<div class=\"started-content\">\n\n\t\t\t\t\t\t\n\t\t\t\t\t\t\t\t\t\t\t\t<h1 class=\"h-title\">\n\t\t\t\t\t\t\t<span {{{ view.getRenderAttributeString( 'title' ) }}}>\n\t\t\t\t\t\t\t\tJe suis <strong>Jack<\/strong> Hooker\t\t\t\t\t\t\t<\/span>\n\t\t\t\t\t\t<\/h1>\n\t\t\t\t\t\t\n\t\t\t\t\t\t\t\t\t\t\t\t<div class=\"h-subtitles\">\n\t\t\t\t\t\t\t<div class=\"h-subtitle typing-subtitle\">\n\t\t\t\t\t\t\t\t\t\t\t\t\t\t\t\t<p>Policier sur Fratlite<\/p>\n\t\t\t\t\t\t\t\t\t\t\t\t\t\t\t\t<p>G\u00e9rant d'entreprise IRL<\/p>\n\t\t\t\t\t\t\t\t\t\t\t\t\t\t\t<\/div>\n\t\t\t\t\t\t\t<span class=\"typed-subtitle\"><\/span>\n\t\t\t\t\t\t<\/div>\n\t\t\t\t\t\t\n\t\t\t\t\t\t\n\t\t\t\t\t<\/div>\n\t\t\t\t<\/div>\n\t\t\t<\/div>\n\t\t\t<a href=\"#\" class=\"mouse_btn\" style=\"display: none;\"><span class=\"icon fas fa-chevron-down\"><\/span><\/a>\n\t\t<\/div>\n\n\t\t\t\t<\/div>\n\t\t\t\t<\/div>\n\t\t\t\t\t<\/div>\n\t\t<\/div>\n\t\t\t\t\t\t\t<\/div>\n\t\t<\/section>\n\t\t\t\t<section class=\"elementor-section elementor-top-section elementor-element elementor-element-347cd71 elementor-section-full_width elementor-section-height-default elementor-section-height-default\" data-id=\"347cd71\" data-element_type=\"section\">\n\t\t\t\t\t\t<div class=\"elementor-container elementor-column-gap-no\">\n\t\t\t\t\t<div class=\"elementor-column elementor-col-100 elementor-top-column elementor-element elementor-element-85394bc\" data-id=\"85394bc\" data-element_type=\"column\">\n\t\t\t<div class=\"elementor-widget-wrap elementor-element-populated\">\n\t\t\t\t\t\t\t\t<div class=\"elementor-element elementor-element-acde643 elementor-widget elementor-widget-cvio-about-me\" data-id=\"acde643\" data-element_type=\"widget\" data-widget_type=\"cvio-about-me.default\">\n\t\t\t\t<div class=\"elementor-widget-container\">\n\t\t\t\n\t\t<!-- Section About -->\n\t\t<div class=\"section about\">\n\t\t\t<div class=\"content content-box\">\n\t\t\t\t\n\t\t\t\t\t\t\t\t\n\t\t\t\t\t\t\t\t<div class=\"image\">\n\t\t\t\t\t<img src=\"\" alt=\"\">\n\t\t\t\t<\/div>\n\t\t\t\t\t\t\t\t\n\t\t\t\t\t\t\t\t<div class=\"desc\">\n\n\t\t\t\t\t\t\t\t\t\t<!-- text -->\n\t\t\t\t\t<div class=\"single-post-text\">\n\t\t\t\t\t\t<div >\n\t\t\t\t\t\t\t<p>Bonjour ! Je suis Samuel, g\u00e9rant d'une entreprise de Paysagisme et chauffeur d'ambulance \/ secouriste volontaire dans une entreprise priv\u00e9e de secourisme.\u00a0<\/p>\t\t\n\t\t\t\t\t\t<\/div>\n\t\t\t\t\t<\/div>\n\t\t\t\t\t\n\t\t\t\t\t\t\t\t\t\t<div class=\"info-list\">\n\t\t\t\t\t\t<ul>\n\t\t\t\t\t\t\t\t\t\t\t\t\t\t<li>\n\t\t\t\t\t\t\t\t\t\t\t\t\t\t\t\t<strong>\n\t\t\t\t\t\t\t\t\t<span >\n\t\t\t\t\t\t\t\t\t\t\u00c2ge\t\t\t\t\t\t\t\t\t<\/span>\n\t\t\t\t\t\t\t\t<\/strong> \n\t\t\t\t\t\t\t\t\t\t\t\t\t\t\t\t\t\t\t\t\t\t\t\t<span >\n\t\t\t\t\t\t\t\t\t27\t\t\t\t\t\t\t\t<\/span>\n\t\t\t\t\t\t\t\t\t\t\t\t\t\t\t<\/li>\n\t\t\t\t\t\t\t\t\t\t\t\t\t\t<li>\n\t\t\t\t\t\t\t\t\t\t\t\t\t\t\t\t<strong>\n\t\t\t\t\t\t\t\t\t<span >\n\t\t\t\t\t\t\t\t\t\tR\u00e9sidence\t\t\t\t\t\t\t\t\t<\/span>\n\t\t\t\t\t\t\t\t<\/strong> \n\t\t\t\t\t\t\t\t\t\t\t\t\t\t\t\t\t\t\t\t\t\t\t\t<span >\n\t\t\t\t\t\t\t\t\tLanzarote, \u00celes Canaries\t\t\t\t\t\t\t\t<\/span>\n\t\t\t\t\t\t\t\t\t\t\t\t\t\t\t<\/li>\n\t\t\t\t\t\t\t\t\t\t\t\t\t\t<li>\n\t\t\t\t\t\t\t\t\t\t\t\t\t\t\t\t<strong>\n\t\t\t\t\t\t\t\t\t<span >\n\t\t\t\t\t\t\t\t\t\tPr\u00e9nom IRL\t\t\t\t\t\t\t\t\t<\/span>\n\t\t\t\t\t\t\t\t<\/strong> \n\t\t\t\t\t\t\t\t\t\t\t\t\t\t\t\t\t\t\t\t\t\t\t\t<span >\n\t\t\t\t\t\t\t\t\tSamuel\t\t\t\t\t\t\t\t<\/span>\n\t\t\t\t\t\t\t\t\t\t\t\t\t\t\t<\/li>\n\t\t\t\t\t\t\t\t\t\t\t\t\t\t<li>\n\t\t\t\t\t\t\t\t\t\t\t\t\t\t\t\t<strong>\n\t\t\t\t\t\t\t\t\t<span >\n\t\t\t\t\t\t\t\t\t\tNom et Pr\u00e9nom RP\t\t\t\t\t\t\t\t\t<\/span>\n\t\t\t\t\t\t\t\t<\/strong> \n\t\t\t\t\t\t\t\t\t\t\t\t\t\t\t\t\t\t\t\t\t\t\t\t<span >\n\t\t\t\t\t\t\t\t\tJack HOOKER (Aucun reset jusqu&#039;\u00e0 pr\u00e9sent)\t\t\t\t\t\t\t\t<\/span>\n\t\t\t\t\t\t\t\t\t\t\t\t\t\t\t<\/li>\n\t\t\t\t\t\t\t\t\t\t\t\t\t<\/ul>\n\t\t\t\t\t<\/div>\n\t\t\t\t\t\n\t\t\t\t\t\t\t\t\t\t<div class=\"bts bts-list\">\n\t\t\t\t\t\t\t\t\t\t\t    \t\t\t\t\t\t<a href=\"https:\/\/drive.google.com\/file\/d\/1NoktyHknhnwursvjO5wdaLsRiBg7NhyX\/view?usp=sharing\" class=\"btn hover-animated\">\n\t\t\t\t\t\t\t<span class=\"circle\"><\/span>\n\t\t\t\t\t\t\t<span >\n\t\t\t\t\t\t\t\t<span class=\"lnk\">T\u00e9l\u00e9charger Candidature<\/span>\n\t\t\t\t\t\t\t<\/span>\n\t\t\t\t\t\t<\/a>\n\t\t\t\t\t\t\t\t\t\t\t\t\t\t\t\t\t<\/div>\n\t\t\t\t\t\n\t\t\t\t<\/div>\n\t\t\t\t\n\t\t\t\t<div class=\"clear\"><\/div>\n\t\t\t<\/div>\n\t\t<\/div>\n\n\t\t\t\t<\/div>\n\t\t\t\t<\/div>\n\t\t\t\t\t<\/div>\n\t\t<\/div>\n\t\t\t\t\t\t\t<\/div>\n\t\t<\/section>\n\t\t\t\t<section class=\"elementor-section elementor-top-section elementor-element elementor-element-571ad72 elementor-section-full_width elementor-section-height-default elementor-section-height-default\" data-id=\"571ad72\" data-element_type=\"section\">\n\t\t\t\t\t\t<div class=\"elementor-container elementor-column-gap-no\">\n\t\t\t\t\t<div class=\"elementor-column elementor-col-100 elementor-top-column elementor-element elementor-element-7e1b7c8\" data-id=\"7e1b7c8\" data-element_type=\"column\">\n\t\t\t<div class=\"elementor-widget-wrap elementor-element-populated\">\n\t\t\t\t\t\t\t\t<div class=\"elementor-element elementor-element-8aaabb4 elementor-widget elementor-widget-cvio-services\" data-id=\"8aaabb4\" data-element_type=\"widget\" data-widget_type=\"cvio-services.default\">\n\t\t\t\t<div class=\"elementor-widget-container\">\n\t\t\t\n\t\t<!-- Section Service -->\n\t\t<div class=\"section service\">\n\t\t\t<div class=\"content\">\n\t\t\t\t\n\t\t\t\t\t\t\t\t<h2 class=\"title\">\n\t\t\t\t\t<div class=\"title_inner\">\n\t\t\t\t\t\t<span >\n\t\t\t\t\t\t\tInformations\t\t\t\t\t\t<\/span>\n\t\t\t\t\t<\/div>\n\t\t\t\t<\/h2>\n\t\t\t\t\n\t\t\t\t\t\t\t\t<div class=\"service-items\">\n\t\t\t\t\t\t\t\t\t    <div class=\"service-col\">\n\t\t\t\t\t\t<div class=\"service-item content-box\">\n\t\t\t\t\t\t\t\t\t\t\t\t\t\t<div class=\"icon\"><\/div>\n\t\t\t\t\t\t\t\t\t\t\t\t\t\t<div class=\"name\">\n\t\t\t\t\t\t\t\t<span >\n\t\t\t\t\t\t\t\t\tMon Discord\t\t\t\t\t\t\t\t<\/span>\n\t\t\t\t\t\t\t<\/div>\n\t\t\t\t\t\t\t<div class=\"text single-post-text\">\n\t\t\t\t\t\t\t\t<div >\n\t\t\t\t\t\t\t\t\t<p>Mavic35#0001<\/p>\t\t\t\t\t\t\t\t<\/div>\n\t\t\t\t\t\t\t<\/div>\n\t\t\t\t\t\t<\/div>\n\t\t\t\t\t<\/div>\n\t\t\t\t\t\t\t\t\t    <div class=\"service-col\">\n\t\t\t\t\t\t<div class=\"service-item content-box\">\n\t\t\t\t\t\t\t\t\t\t\t\t\t\t<div class=\"icon\"><\/div>\n\t\t\t\t\t\t\t\t\t\t\t\t\t\t<div class=\"name\">\n\t\t\t\t\t\t\t\t<span >\n\t\t\t\t\t\t\t\t\tMes Hobbies\t\t\t\t\t\t\t\t<\/span>\n\t\t\t\t\t\t\t<\/div>\n\t\t\t\t\t\t\t<div class=\"text single-post-text\">\n\t\t\t\t\t\t\t\t<div >\n\t\t\t\t\t\t\t\t\t<p>Jeux Vid\u00e9os, Livres, Plong\u00e9e, Chasse sous-marine<\/p>\t\t\t\t\t\t\t\t<\/div>\n\t\t\t\t\t\t\t<\/div>\n\t\t\t\t\t\t<\/div>\n\t\t\t\t\t<\/div>\n\t\t\t\t\t\t\t\t\t    <div class=\"service-col\">\n\t\t\t\t\t\t<div class=\"service-item content-box\">\n\t\t\t\t\t\t\t\t\t\t\t\t\t\t<div class=\"icon\"><\/div>\n\t\t\t\t\t\t\t\t\t\t\t\t\t\t<div class=\"name\">\n\t\t\t\t\t\t\t\t<span >\n\t\t\t\t\t\t\t\t\tQualit\u00e9s \/ Points Forts\t\t\t\t\t\t\t\t<\/span>\n\t\t\t\t\t\t\t<\/div>\n\t\t\t\t\t\t\t<div class=\"text single-post-text\">\n\t\t\t\t\t\t\t\t<div >\n\t\t\t\t\t\t\t\t\t<p>Je suis calme, je m'\u00e9nerve vraiment tr\u00e8s rarement, je rigole beaucoup, mais quand il faut \u00eatre s\u00e9rieux et ferme je le suis !<\/p>\t\t\t\t\t\t\t\t<\/div>\n\t\t\t\t\t\t\t<\/div>\n\t\t\t\t\t\t<\/div>\n\t\t\t\t\t<\/div>\n\t\t\t\t\t\t\t\t\t    <div class=\"service-col\">\n\t\t\t\t\t\t<div class=\"service-item content-box\">\n\t\t\t\t\t\t\t\t\t\t\t\t\t\t<div class=\"icon\"><\/div>\n\t\t\t\t\t\t\t\t\t\t\t\t\t\t<div class=\"name\">\n\t\t\t\t\t\t\t\t<span >\n\t\t\t\t\t\t\t\t\tD\u00e9fauts \/ Points faibles\t\t\t\t\t\t\t\t<\/span>\n\t\t\t\t\t\t\t<\/div>\n\t\t\t\t\t\t\t<div class=\"text single-post-text\">\n\t\t\t\t\t\t\t\t<div >\n\t\t\t\t\t\t\t\t\t<p>Par moments je peux abandonner une situation si je sens qu'elle va m'\u00e9nerver, au lieu de m'\u00e9nerver je fuis le probl\u00e8me. Je suis un peu trop perfectionniste parfois \u00e7a peut poser probl\u00e8me.<\/p>\t\t\t\t\t\t\t\t<\/div>\n\t\t\t\t\t\t\t<\/div>\n\t\t\t\t\t\t<\/div>\n\t\t\t\t\t<\/div>\n\t\t\t\t\t\t\t\t\t    <div class=\"service-col\">\n\t\t\t\t\t\t<div class=\"service-item content-box\">\n\t\t\t\t\t\t\t\t\t\t\t\t\t\t<div class=\"icon\"><\/div>\n\t\t\t\t\t\t\t\t\t\t\t\t\t\t<div class=\"name\">\n\t\t\t\t\t\t\t\t<span >\n\t\t\t\t\t\t\t\t\tMes disponibilit\u00e9s\t\t\t\t\t\t\t\t<\/span>\n\t\t\t\t\t\t\t<\/div>\n\t\t\t\t\t\t\t<div class=\"text single-post-text\">\n\t\t\t\t\t\t\t\t<div >\n\t\t\t\t\t\t\t\t\t<p>Du Lundi au Vendredi : 16H - 22H30<\/p><p>Samedi\/Dimanche : Toute la journ\u00e9e sauf emp\u00eachement !\u00a0<\/p>\t\t\t\t\t\t\t\t<\/div>\n\t\t\t\t\t\t\t<\/div>\n\t\t\t\t\t\t<\/div>\n\t\t\t\t\t<\/div>\n\t\t\t\t\t\t\t\t\t<\/div>\n\t\t\t\t\n\t\t\t\t<div class=\"clear\"><\/div>\n\t\t\t<\/div>\n\t\t<\/div>\n\n\t\t\t\t<\/div>\n\t\t\t\t<\/div>\n\t\t\t\t\t<\/div>\n\t\t<\/div>\n\t\t\t\t\t\t\t<\/div>\n\t\t<\/section>\n\t\t\t\t<section class=\"elementor-section elementor-top-section elementor-element elementor-element-8ec4037 elementor-section-full_width elementor-section-height-default elementor-section-height-default\" data-id=\"8ec4037\" data-element_type=\"section\">\n\t\t\t\t\t\t<div class=\"elementor-container elementor-column-gap-no\">\n\t\t\t\t\t<div class=\"elementor-column elementor-col-100 elementor-top-column elementor-element elementor-element-3afaec4\" data-id=\"3afaec4\" data-element_type=\"column\">\n\t\t\t<div class=\"elementor-widget-wrap elementor-element-populated\">\n\t\t\t\t\t\t\t\t<div class=\"elementor-element elementor-element-9cc5005 elementor-widget elementor-widget-cvio-skills\" data-id=\"9cc5005\" data-element_type=\"widget\" data-widget_type=\"cvio-skills.default\">\n\t\t\t\t<div class=\"elementor-widget-container\">\n\t\t\t\n\t\t<!-- Section Skills -->\n\t\t<div class=\"section skills\">\n\t\t\t<div class=\"content\">\n\n\t\t\t\t\t\t\t\t<h2 class=\"title\">\n\t\t\t\t\t<div class=\"title_inner\">\n\t\t\t\t\t\t<span >\n\t\t\t\t\t\t\tMes exp\u00e9riences\t\t\t\t\t\t<\/span>\n\t\t\t\t\t<\/div>\n\t\t\t\t<\/h2>\n\t\t\t\t\n\t\t\t\t\t\t\t\t<div class=\"skills content-box list\">\n\t\t\t\t\t<ul>\n\t\t\t\t\t\t\t\t\t\t\t\t<li>\n\t\t\t\t\t\t\t<div class=\"name\">\n\t\t\t\t\t\t\t\t<span >\n\t\t\t\t\t\t\t\t\tStaff sur plusieurs serveurs Arma 3\t\t\t\t\t\t\t\t<\/span>\n\t\t\t\t\t\t\t<\/div>\n\t\t\t\t\t\t\t\t\t\t\t\t\t\t\t\t\t\t\t\t\t<div class=\"progress\">\n\t\t\t\t\t\t\t\t<div class=\"percentage\" style=\"width: 90%;\">\n\t\t\t\t\t\t\t\t\t<span class=\"percent\">\n\t\t\t\t\t\t\t\t\t\t<span >\n\t\t\t\t\t\t\t\t\t\t\t90%\t\t\t\t\t\t\t\t\t\t<\/span>\n\t\t\t\t\t\t\t\t\t<\/span>\n\t\t\t\t\t\t\t\t<\/div>\n\t\t\t\t\t\t\t<\/div>\n\t\t\t\t\t\t\t\t\t\t\t\t\t<\/li>\n\t\t\t\t\t\t\t\t\t\t\t\t<li>\n\t\t\t\t\t\t\t<div class=\"name\">\n\t\t\t\t\t\t\t\t<span >\n\t\t\t\t\t\t\t\t\tFondateur et Administrateur de Pandora Altis life (Arma 3)\t\t\t\t\t\t\t\t<\/span>\n\t\t\t\t\t\t\t<\/div>\n\t\t\t\t\t\t\t\t\t\t\t\t\t\t\t\t\t\t\t\t\t<div class=\"progress\">\n\t\t\t\t\t\t\t\t<div class=\"percentage\" style=\"width: 90%;\">\n\t\t\t\t\t\t\t\t\t<span class=\"percent\">\n\t\t\t\t\t\t\t\t\t\t<span >\n\t\t\t\t\t\t\t\t\t\t\t90%\t\t\t\t\t\t\t\t\t\t<\/span>\n\t\t\t\t\t\t\t\t\t<\/span>\n\t\t\t\t\t\t\t\t<\/div>\n\t\t\t\t\t\t\t<\/div>\n\t\t\t\t\t\t\t\t\t\t\t\t\t<\/li>\n\t\t\t\t\t\t\t\t\t\t\t<\/ul>\n\t\t\t\t<\/div>\n\t\t\t\t\n\t\t\t\t<div class=\"clear\"><\/div>\n\t\t\t<\/div>\n\t\t<\/div>\n\n\t\t\t\t<\/div>\n\t\t\t\t<\/div>\n\t\t\t\t\t<\/div>\n\t\t<\/div>\n\t\t\t\t\t\t\t<\/div>\n\t\t<\/section>\n\t\t\t\t<section class=\"elementor-section elementor-top-section elementor-element elementor-element-53cd51f elementor-section-full_width elementor-section-height-default elementor-section-height-default\" data-id=\"53cd51f\" data-element_type=\"section\">\n\t\t\t\t\t\t<div class=\"elementor-container elementor-column-gap-no\">\n\t\t\t\t\t<div class=\"elementor-column elementor-col-100 elementor-top-column elementor-element elementor-element-15ec03b\" data-id=\"15ec03b\" data-element_type=\"column\">\n\t\t\t<div class=\"elementor-widget-wrap elementor-element-populated\">\n\t\t\t\t\t\t\t\t<div class=\"elementor-element elementor-element-a7ac11c elementor-widget elementor-widget-cvio-text\" data-id=\"a7ac11c\" data-element_type=\"widget\" data-widget_type=\"cvio-text.default\">\n\t\t\t\t<div class=\"elementor-widget-container\">\n\t\t\t\n\t\t<!-- Section Text -->\n\t\t<div class=\"section custom-text\">\n\t\t\t<div class=\"content\">\n\n\t\t\t\t\t\t\t\t<h2 class=\"title\">\n\t\t\t\t\t<div class=\"title_inner\">\n\t\t\t\t\t\t<span >\n\t\t\t\t\t\t\tCe qui me motive \u00e0 int\u00e9grer le STAFF de FRaternity\t\t\t\t\t\t<\/span>\n\t\t\t\t\t<\/div>\n\t\t\t\t<\/h2>\n\t\t\t\t\t\t\t\t\n\t\t\t\t\t\t\t\t<div class=\"content-box\">\n\t\t\t\t\t<div class=\"single-post-text\">\n\t\t\t\t\t\t<div >\n\t\t\t\t\t\t\t<p>Depuis que je suis arriv\u00e9 sur GTA RP, mon but \u00e0 \u00e9t\u00e9 de pouvoir un jour int\u00e9grer le staff d'un serveur, c'est ce qui me motive le plus sur les jeux, \u00eatre dans le jeu et \u00e0 l'ext\u00e9rieur du jeu pour pouvoir aider les joueurs de quelque fa\u00e7on que ce soit. Je suis arriv\u00e9 en Ao\u00fbt sur Fratlite \u00e7a a \u00e9t\u00e9 mon premier serveur GTA o\u00f9 je me suis vraiment impliqu\u00e9 \u00e0 jouer. Depuis ao\u00fbt j'ai dans un coin de ma t\u00eate de peut-\u00eatre un jour int\u00e9grer le staff, mais je ne voulais pas me lancer \u00e0 faire une candidature sans avant baign\u00e9 au sein du serveur, bien conna\u00eetre le r\u00e8glement, les proc\u00e9dures, les groupes ill\u00e9gaux, le fonctionnement de chacun, du staff, etc. Nous sommes en Mai et il me semble un bon moment pour enfin postuler aupr\u00e8s de l'\u00e9quipe !<\/p>\t\t\t\t\t\t<\/div>\n\t\t\t\t\t<\/div>\n\t\t\t\t<\/div>\n\t\t\t\t\n\t\t\t\t<div class=\"clear\"><\/div>\n\t\t\t<\/div>\n\t\t<\/div>\n\n\t\t\t\t<\/div>\n\t\t\t\t<\/div>\n\t\t\t\t\t<\/div>\n\t\t<\/div>\n\t\t\t\t\t\t\t<\/div>\n\t\t<\/section>\n\t\t\t\t<section class=\"elementor-section elementor-top-section elementor-element elementor-element-e5c95b2 elementor-section-full_width elementor-section-height-default elementor-section-height-default\" data-id=\"e5c95b2\" data-element_type=\"section\">\n\t\t\t\t\t\t<div class=\"elementor-container elementor-column-gap-no\">\n\t\t\t\t\t<div class=\"elementor-column elementor-col-100 elementor-top-column elementor-element elementor-element-4fbc43c\" data-id=\"4fbc43c\" data-element_type=\"column\">\n\t\t\t<div class=\"elementor-widget-wrap elementor-element-populated\">\n\t\t\t\t\t\t\t\t<div class=\"elementor-element elementor-element-dfda603 elementor-widget elementor-widget-cvio-text\" data-id=\"dfda603\" data-element_type=\"widget\" data-widget_type=\"cvio-text.default\">\n\t\t\t\t<div class=\"elementor-widget-container\">\n\t\t\t\n\t\t<!-- Section Text -->\n\t\t<div class=\"section custom-text\">\n\t\t\t<div class=\"content\">\n\n\t\t\t\t\t\t\t\t<h2 class=\"title\">\n\t\t\t\t\t<div class=\"title_inner\">\n\t\t\t\t\t\t<span >\n\t\t\t\t\t\t\tPourquoi moi et pas un autre ?\t\t\t\t\t\t<\/span>\n\t\t\t\t\t<\/div>\n\t\t\t\t<\/h2>\n\t\t\t\t\t\t\t\t\n\t\t\t\t\t\t\t\t<div class=\"content-box\">\n\t\t\t\t\t<div class=\"single-post-text\">\n\t\t\t\t\t\t<div >\n\t\t\t\t\t\t\t<p>Je pense que mon exp\u00e9rience de vie fait que je sois bien \u00e0 l'aise pour g\u00e9rer des conflits, pour calmer les gens, je pense \u00eatre assez mature pour trouver le juste milieu dans chaque situation et ne pas d\u00e9raper. Ce n'est pas moi qui vais dire que je suis meilleur qu'un autre, je pense que ce sera \u00e0 vous d'en juger, \u00e0 mon avis chacun a du bon et du mauvais.<\/p>\t\t\t\t\t\t<\/div>\n\t\t\t\t\t<\/div>\n\t\t\t\t<\/div>\n\t\t\t\t\n\t\t\t\t<div class=\"clear\"><\/div>\n\t\t\t<\/div>\n\t\t<\/div>\n\n\t\t\t\t<\/div>\n\t\t\t\t<\/div>\n\t\t\t\t\t<\/div>\n\t\t<\/div>\n\t\t\t\t\t\t\t<\/div>\n\t\t<\/section>\n\t\t\t\t<section class=\"elementor-section elementor-top-section elementor-element elementor-element-1c2324b elementor-section-full_width elementor-section-height-default elementor-section-height-default\" data-id=\"1c2324b\" data-element_type=\"section\">\n\t\t\t\t\t\t<div class=\"elementor-container elementor-column-gap-no\">\n\t\t\t\t\t<div class=\"elementor-column elementor-col-100 elementor-top-column elementor-element elementor-element-28464f8\" data-id=\"28464f8\" data-element_type=\"column\">\n\t\t\t<div class=\"elementor-widget-wrap elementor-element-populated\">\n\t\t\t\t\t\t\t\t<div class=\"elementor-element elementor-element-340c320 elementor-widget elementor-widget-cvio-text\" data-id=\"340c320\" data-element_type=\"widget\" data-widget_type=\"cvio-text.default\">\n\t\t\t\t<div class=\"elementor-widget-container\">\n\t\t\t\n\t\t<!-- Section Text -->\n\t\t<div class=\"section custom-text\">\n\t\t\t<div class=\"content\">\n\n\t\t\t\t\t\t\t\t<h2 class=\"title\">\n\t\t\t\t\t<div class=\"title_inner\">\n\t\t\t\t\t\t<span >\n\t\t\t\t\t\t\tLa mission d'un staff du Free Access\t\t\t\t\t\t<\/span>\n\t\t\t\t\t<\/div>\n\t\t\t\t<\/h2>\n\t\t\t\t\t\t\t\t\n\t\t\t\t\t\t\t\t<div class=\"content-box\">\n\t\t\t\t\t<div class=\"single-post-text\">\n\t\t\t\t\t\t<div >\n\t\t\t\t\t\t\t<p>Je pense que la mission globale du staff va \u00eatre de donner aux gens l'envie de rester, \u00e7a passe par beaucoup de petits d\u00e9tails qui font que cette mission soit un succ\u00e8s. La gestion de conflits de RP, la mod\u00e9ration des trolleurs, des hackeurs, r\u00e9gler au plus vite et au mieux les petits soucis techniques de chacun, \u00eatre l\u00e0 pour n'importe quelle question et pouvoir y r\u00e9pondre, montrer l'exemple en RP, c'est un tout tr\u00e8s important.<\/p>\t\t\t\t\t\t<\/div>\n\t\t\t\t\t<\/div>\n\t\t\t\t<\/div>\n\t\t\t\t\n\t\t\t\t<div class=\"clear\"><\/div>\n\t\t\t<\/div>\n\t\t<\/div>\n\n\t\t\t\t<\/div>\n\t\t\t\t<\/div>\n\t\t\t\t\t<\/div>\n\t\t<\/div>\n\t\t\t\t\t\t\t<\/div>\n\t\t<\/section>\n\t\t\t\t\t\t\t<\/div>\n\t\t","protected":false},"excerpt":{"rendered":"<p>Je suis Jack Hooker Policier sur Fratlite G\u00e9rant d&#8217;entreprise IRL Bonjour ! Je suis Samuel, g\u00e9rant d&#8217;une entreprise de Paysagisme et chauffeur d&#8217;ambulance \/ secouriste&#8230;<\/p>\n","protected":false},"author":1,"featured_media":0,"parent":0,"menu_order":0,"comment_status":"closed","ping_status":"closed","template":"template-elementor-builder.php","meta":{"om_disable_all_campaigns":false,"_monsterinsights_skip_tracking":false,"_monsterinsights_sitenote_active":false,"_monsterinsights_sitenote_note":"","_monsterinsights_sitenote_category":0},"acf":[],"_links":{"self":[{"href":"http:\/\/mavic-gta.com\/index.php\/wp-json\/wp\/v2\/pages\/593"}],"collection":[{"href":"http:\/\/mavic-gta.com\/index.php\/wp-json\/wp\/v2\/pages"}],"about":[{"href":"http:\/\/mavic-gta.com\/index.php\/wp-json\/wp\/v2\/types\/page"}],"author":[{"embeddable":true,"href":"http:\/\/mavic-gta.com\/index.php\/wp-json\/wp\/v2\/users\/1"}],"replies":[{"embeddable":true,"href":"http:\/\/mavic-gta.com\/index.php\/wp-json\/wp\/v2\/comments?post=593"}],"version-history":[{"count":38,"href":"http:\/\/mavic-gta.com\/index.php\/wp-json\/wp\/v2\/pages\/593\/revisions"}],"predecessor-version":[{"id":710,"href":"http:\/\/mavic-gta.com\/index.php\/wp-json\/wp\/v2\/pages\/593\/revisions\/710"}],"wp:attachment":[{"href":"http:\/\/mavic-gta.com\/index.php\/wp-json\/wp\/v2\/media?parent=593"}],"curies":[{"name":"wp","href":"https:\/\/api.w.org\/{rel}","templated":true}]}}